{"id":78,"date":"2017-12-12T11:24:21","date_gmt":"2017-12-12T15:24:21","guid":{"rendered":"http:\/\/ayuntamiento.guineo\/transparencia\/?page_id=78"},"modified":"2023-02-28T09:11:32","modified_gmt":"2023-02-28T13:11:32","slug":"definicion-oaim-oficina-de-acceso-a-la-informacion-municipal","status":"publish","type":"page","link":"https:\/\/ayuntamientodesantalucia.gob.do\/transparencia\/definicion-oaim-oficina-de-acceso-a-la-informacion-municipal\/","title":{"rendered":"Definici\u00f3n OAIM (Oficina de Acceso a la Informaci\u00f3n Municipal)"},"content":{"rendered":"<p>La Ley No. 200-04 de Libre Acceso a la Informaci\u00f3n P\u00fablica, establece como un deber del Estado \u201cbrindar la informaci\u00f3n que esta ley [200-04] establece con car\u00e1cter obligatorio y de disponibilidad y actualizaci\u00f3n permanente y las informaciones que fueran requeridas en forma especial por los interesados\u201d.<\/p>\n<p>El responsable de libre acceso a la informaci\u00f3n (RAI) es la persona asignada para el cumplimento de los derechos delibre acceso a la informaci\u00f3n.<\/p>\n<p><span style=\"color: #000080\"><span style=\"color: #000080\"><b>Misi\u00f3n<\/b><\/span><strong style=\"color: #000080\">\u00a0<\/strong><\/span><\/p>\n<p>Suministrar informaci\u00f3n veraz a los ciudadanos con eficiencia y claridad apoyando as\u00ed la transparencia y la formaci\u00f3n de la instituci\u00f3n.<\/p>\n<p><strong><span style=\"color: #000080\">Visi\u00f3n<\/span>\u00a0<\/strong><br \/>\nTrabajar en equipo con, calidad y eficacia, apoyando y cumpliendo los m\u00e1s altos est\u00e1ndares de calidad de la instituci\u00f3n.<\/p>\n","protected":false},"excerpt":{"rendered":"La Ley No. 200-04 de Libre Acceso a la Informaci\u00f3n P\u00fablica, establece como un deber del Estado \u201cbrindar la informaci\u00f3n que esta ley [200-04] establece con car\u00e1cter obligatorio y de disponibilidad y actualizaci\u00f3n permanente y las informaciones que fueran requeridas en forma especial por los interesados\u201d. El responsable de libre acceso a la informaci\u00f3n (RAI)&#8230;","protected":false},"author":1,"featured_media":0,"parent":0,"menu_order":0,"comment_status":"closed","ping_status":"closed","template":"","meta":[],"_links":{"self":[{"href":"https:\/\/ayuntamientodesantalucia.gob.do\/transparencia\/wp-json\/wp\/v2\/pages\/78"}],"collection":[{"href":"https:\/\/ayuntamientodesantalucia.gob.do\/transparencia\/wp-json\/wp\/v2\/pages"}],"about":[{"href":"https:\/\/ayuntamientodesantalucia.gob.do\/transparencia\/wp-json\/wp\/v2\/types\/page"}],"author":[{"embeddable":true,"href":"https:\/\/ayuntamientodesantalucia.gob.do\/transparencia\/wp-json\/wp\/v2\/users\/1"}],"replies":[{"embeddable":true,"href":"https:\/\/ayuntamientodesantalucia.gob.do\/transparencia\/wp-json\/wp\/v2\/comments?post=78"}],"version-history":[{"count":4,"href":"https:\/\/ayuntamientodesantalucia.gob.do\/transparencia\/wp-json\/wp\/v2\/pages\/78\/revisions"}],"predecessor-version":[{"id":552,"href":"https:\/\/ayuntamientodesantalucia.gob.do\/transparencia\/wp-json\/wp\/v2\/pages\/78\/revisions\/552"}],"wp:attachment":[{"href":"https:\/\/ayuntamientodesantalucia.gob.do\/transparencia\/wp-json\/wp\/v2\/media?parent=78"}],"curies":[{"name":"wp","href":"https:\/\/api.w.org\/{rel}","templated":true}]}}