{"id":56,"date":"2017-12-12T10:55:12","date_gmt":"2017-12-12T14:55:12","guid":{"rendered":"http:\/\/ayuntamiento.guineo\/transparencia\/?page_id=56"},"modified":"2023-03-01T13:21:28","modified_gmt":"2023-03-01T17:21:28","slug":"derechos-de-los-ciudadanos","status":"publish","type":"page","link":"https:\/\/ayuntamientodesantalucia.gob.do\/transparencia\/derechos-de-los-ciudadanos\/","title":{"rendered":"Derechos de los Ciudadanos"},"content":{"rendered":"<p><\/p>\n<p><span style=\"color: #000080\"><strong>Todo ciudadano(a) tiene derecho a:<\/strong><\/span><\/p>\n<p><span style=\"color: #000080\"><strong>SOLICITAR <img decoding=\"async\" loading=\"lazy\" class=\"alignleft\" src=\"https:\/\/transparencia.hacienda.gob.do\/o\/pti-theme\/images\/pti\/icon-solicitar.svg\" alt=\"Imagen Normativas Solicitar Informaci\u00f3n de cualquier \u00f3rgano del Estado Dominicano\" width=\"39\" height=\"39\"><\/strong><\/span>&nbsp;informaci\u00f3n de cualquier \u00f3rgano del Estado Dominicano y de todas las sociedades an\u00f3nimas, compa\u00f1\u00edas an\u00f3nimas o compa\u00f1\u00edas por acciones con participaci\u00f3n estatal.<\/p>\n<p><span style=\"color: #000080\"><strong>RECIBIR <img decoding=\"async\" loading=\"lazy\" class=\"alignleft\" src=\"https:\/\/transparencia.hacienda.gob.do\/o\/pti-theme\/images\/pti\/icon-recibir.svg\" alt=\"Imagen Normativas Recibir informaci\u00f3n completa, veraz, adecuada y oportuna\" width=\"29\" height=\"29\"><\/strong><\/span> informaci\u00f3n completa, veraz, adecuada y oportuna de cualquier \u00f3rgano del Estado Dominicano y de todas las sociedades an\u00f3nimas, compa\u00f1\u00edas an\u00f3nimas o compa\u00f1\u00edas por acciones con participaci\u00f3n estatal<\/p>\n<p><span style=\"color: #000080\"><strong>ACCESO<img decoding=\"async\" loading=\"lazy\" class=\"alignleft\" src=\"https:\/\/transparencia.hacienda.gob.do\/o\/pti-theme\/images\/pti\/icon-acceso.svg\" alt=\"Imagen Normativa Acceso gratuito a la Informaci\u00f3n\" width=\"39\" height=\"39\"><\/strong><\/span>&nbsp; gratuito a la informaci\u00f3n en tanto que no requiera reproducci\u00f3n de la misma.<\/p>\n<p><span style=\"color: #000080\"><strong><img decoding=\"async\" loading=\"lazy\" class=\"\" src=\"https:\/\/transparencia.hacienda.gob.do\/o\/pti-theme\/images\/pti\/icon-build.svg\" alt=\"Imagen Normativa Solicitar, Recibir y difundir informaci\u00f3n\" width=\"39\" height=\"39\">SOLICITAR, RECIBIR y DIFUNDIR<\/strong><\/span>&nbsp;informaciones pertenecientes a la administraci\u00f3n del Estado.<\/p>\n<p><span style=\"color: #000080\"><strong><img decoding=\"async\" loading=\"lazy\" class=\"\" src=\"https:\/\/transparencia.hacienda.gob.do\/o\/pti-theme\/images\/pti\/icon-conocer.svg\" alt=\"Imagen Normativa Conocer los proyectos de reglamentos y otras disposiciones de car\u00e1cter general\" width=\"39\" height=\"39\">CONOCER<\/strong><\/span>&nbsp;los proyectos de reglamentos y otras disposiciones de car\u00e1cter general que rigen las relaciones entre los particulares y la administraci\u00f3n.<\/p>\n<p><span style=\"color: #000080\"><strong><img decoding=\"async\" loading=\"lazy\" class=\"\" src=\"https:\/\/transparencia.hacienda.gob.do\/o\/pti-theme\/images\/pti\/icon-obtener.svg\" alt=\"Imagen Normativa Obtener Informaci\u00f3n sobre los servicios que ofrece el Estado\" width=\"39\" height=\"39\">OBTENER<\/strong><\/span>&nbsp;informaci\u00f3n sobre los servicios que ofrece el Estado, requisitos costos.<\/p>\n<p><span style=\"color: #000080\"><strong><img decoding=\"async\" loading=\"lazy\" class=\"\" src=\"https:\/\/transparencia.hacienda.gob.do\/o\/pti-theme\/images\/pti\/icon-saber.svg\" alt=\"Imagen Normativa Saber la estructura, integrantes, normativas de funcionamiento, proyectos, informes de gesti\u00f3n, y bases de datos de la administraci\u00f3n p\u00fablica\" width=\"39\" height=\"39\">SA BER<\/strong><\/span>&nbsp;la estructura, integrantes, normativas de funcionamiento, proyectos, informes de gesti\u00f3n, y bases de datos de la administraci\u00f3n p\u00fablica.<\/p>\n<p><span style=\"color: #000080\"><strong> <img decoding=\"async\" loading=\"lazy\" class=\"\" src=\"https:\/\/transparencia.hacienda.gob.do\/o\/pti-theme\/images\/pti\/icon-hadpaper.svg\" alt=\"Imagen Normativa Conocer sobre los presupuestos y c\u00e1lculos de recursos y gastos aprobados, su evoluci\u00f3n y estado de ejecuci\u00f3n\" width=\"36\" height=\"36\">CONOCER<\/strong><\/span>&nbsp;sobre los presupuestos y c\u00e1lculos de recursos y gastos aprobados, su evoluci\u00f3n y estado de ejecuci\u00f3n.<\/p>\n<p><span style=\"color: #000080\"><strong><img decoding=\"async\" loading=\"lazy\" class=\"\" src=\"https:\/\/transparencia.hacienda.gob.do\/o\/pti-theme\/images\/pti\/icon-projectchart.svg\" alt=\"Imagen Normativa Tener informaci\u00f3n sobre los programas y proyectos, sus presupuestos, plazos, ejecuci\u00f3n y supervisi\u00f3n.\" width=\"34\" height=\"34\">TENER<\/strong><\/span>&nbsp;informaci\u00f3n sobre los programas y proyectos, sus presupuestos, plazos, ejecuci\u00f3n y supervisi\u00f3n.<\/p>\n<p><span style=\"color: #000080\"><strong><img decoding=\"async\" loading=\"lazy\" class=\"\" src=\"https:\/\/transparencia.hacienda.gob.do\/o\/pti-theme\/images\/pti\/icon-shopcar.svg\" alt=\"Imagen Normativa Estar al tanto sobre las licitaciones, concursos, compras, gastos y resultados. \" width=\"39\" height=\"39\">ESTAR AL TANTO<\/strong><\/span>&nbsp;sobre las licitaciones, concursos, compras, gastos y resultados.<\/p>\n<p><span style=\"color: #000080\"><strong><img decoding=\"async\" loading=\"lazy\" class=\"\" src=\"https:\/\/transparencia.hacienda.gob.do\/o\/pti-theme\/images\/pti\/icon-handcoin.svg\" alt=\"Imagen Normativa Acceder a la n\u00f3mina del Estado y sus remuneraciones.\" width=\"42\" height=\"42\">ACCEDER<\/strong><\/span>&nbsp;a la n\u00f3mina del Estado y sus remuneraciones.<\/p>\n<p><span style=\"color: #000080\"><strong><img decoding=\"async\" loading=\"lazy\" class=\"\" src=\"https:\/\/transparencia.hacienda.gob.do\/o\/pti-theme\/images\/pti\/icon-invoicepen.svg\" alt=\"Imagen Normativa Conocer la declaraci\u00f3n jurada patrimonial de los funcionarios del Estado cuando su presentaci\u00f3n corresponda por ley \" width=\"40\" height=\"40\">CONOCER<\/strong><\/span>&nbsp;la declaraci\u00f3n jurada patrimonial de los funcionarios del Estado cuando su presentaci\u00f3n corresponda por ley.<\/p>\n<p><span style=\"color: #000080\"><strong><img decoding=\"async\" loading=\"lazy\" class=\"\" src=\"https:\/\/transparencia.hacienda.gob.do\/o\/pti-theme\/images\/pti\/icon-coinuser.svg\" alt=\"Imagen Normativa Recibir informaci\u00f3n sobre el listado de beneficiarios de programas asistenciales, subsidios, becas, jubilaciones, pensiones y retiros \" width=\"41\" height=\"41\">RECIBIR<\/strong><\/span>&nbsp;informaci\u00f3n sobre el listado de beneficiarios de programas asistenciales, subsidios, becas, jubilaciones, pensiones y retiros.<\/p>\n<p><span style=\"color: #000080\"><strong><img decoding=\"async\" loading=\"lazy\" class=\"\" src=\"https:\/\/transparencia.hacienda.gob.do\/o\/pti-theme\/images\/pti\/icon-handmoney.svg\" alt=\"Imagen Normativa Saber sobre el estado de cuentas de la deuda p\u00fablica, sus vencimientos y pagos. \" width=\"43\" height=\"43\">SABER<\/strong><\/span>&nbsp;sobre el estado de cuentas de la deuda p\u00fablica, sus vencimientos y pagos.<\/p>\n<p><span style=\"color: #000080\"><strong><img decoding=\"async\" loading=\"lazy\" class=\"\" src=\"https:\/\/transparencia.hacienda.gob.do\/o\/pti-theme\/images\/pti\/icon-finddoc.svg\" alt=\"Imagen Normativa Buscar las leyes, decretos, resoluciones, disposiciones, marcos regulatorios y cualquier tipo de normativa \" width=\"39\" height=\"39\"> BUSCAR<\/strong><\/span>&nbsp;las leyes, decretos, resoluciones, disposiciones, marcos regulatorios y cualquier tipo de normativa.<\/p>\n<p><span style=\"color: #000080\"><strong><img decoding=\"async\" loading=\"lazy\" class=\"\" src=\"https:\/\/transparencia.hacienda.gob.do\/o\/pti-theme\/images\/pti\/icon-papers.svg\" alt=\"Imagen Normativa Solicitar y Recibir oportunamente cualquier tipo de documentaci\u00f3n financiera relativa al presupuesto p\u00fablico \" width=\"39\" height=\"39\">SOLICITAR Y RECIBIR<\/strong><\/span>&nbsp;oportunamente cualquier tipo de documentaci\u00f3n financiera relativa al presupuesto p\u00fablico.<\/p>\n<p>En cumplimiento a la Ley 200-04 y el Decreto 130-05, el acceso a la informaci\u00f3n se har\u00e1 efectivo siempre y cuando no afecte la seguridad nacional, el orden p\u00fablico, la salud o la moral p\u00fablica o el derecho a la privacidad e intimidad de un tercero o el derecho a la reputaci\u00f3n de los dem\u00e1s.<\/p>\n\n\n<p><\/p>\n","protected":false},"excerpt":{"rendered":"Todo ciudadano(a) tiene derecho a: SOLICITAR &nbsp;informaci\u00f3n de cualquier \u00f3rgano del Estado Dominicano y de todas las sociedades an\u00f3nimas, compa\u00f1\u00edas an\u00f3nimas o compa\u00f1\u00edas por acciones con participaci\u00f3n estatal. RECIBIR informaci\u00f3n completa, veraz, adecuada y oportuna de cualquier \u00f3rgano del Estado Dominicano y de todas las sociedades an\u00f3nimas, compa\u00f1\u00edas an\u00f3nimas o compa\u00f1\u00edas por acciones con participaci\u00f3n&#8230;","protected":false},"author":1,"featured_media":0,"parent":0,"menu_order":0,"comment_status":"closed","ping_status":"closed","template":"","meta":[],"_links":{"self":[{"href":"https:\/\/ayuntamientodesantalucia.gob.do\/transparencia\/wp-json\/wp\/v2\/pages\/56"}],"collection":[{"href":"https:\/\/ayuntamientodesantalucia.gob.do\/transparencia\/wp-json\/wp\/v2\/pages"}],"about":[{"href":"https:\/\/ayuntamientodesantalucia.gob.do\/transparencia\/wp-json\/wp\/v2\/types\/page"}],"author":[{"embeddable":true,"href":"https:\/\/ayuntamientodesantalucia.gob.do\/transparencia\/wp-json\/wp\/v2\/users\/1"}],"replies":[{"embeddable":true,"href":"https:\/\/ayuntamientodesantalucia.gob.do\/transparencia\/wp-json\/wp\/v2\/comments?post=56"}],"version-history":[{"count":8,"href":"https:\/\/ayuntamientodesantalucia.gob.do\/transparencia\/wp-json\/wp\/v2\/pages\/56\/revisions"}],"predecessor-version":[{"id":579,"href":"https:\/\/ayuntamientodesantalucia.gob.do\/transparencia\/wp-json\/wp\/v2\/pages\/56\/revisions\/579"}],"wp:attachment":[{"href":"https:\/\/ayuntamientodesantalucia.gob.do\/transparencia\/wp-json\/wp\/v2\/media?parent=56"}],"curies":[{"name":"wp","href":"https:\/\/api.w.org\/{rel}","templated":true}]}}