{"id":258,"date":"2018-01-22T10:17:40","date_gmt":"2018-01-22T14:17:40","guid":{"rendered":"http:\/\/ayuntamiento.o\/transparencia\/?page_id=258"},"modified":"2023-02-28T10:05:14","modified_gmt":"2023-02-28T14:05:14","slug":"responsable-de-acceso-a-la-informacion","status":"publish","type":"page","link":"https:\/\/ayuntamientodesantalucia.gob.do\/transparencia\/responsable-de-acceso-a-la-informacion\/","title":{"rendered":"Responsable de Acceso a la Informaci\u00f3n"},"content":{"rendered":"<p>\u00a0<\/p>\n<p><span style=\"font-size: 12pt\"><span style=\"font-size: 16px\"><b>Contacto<\/b><\/span><b style=\"font-size: 12pt\"> Responsable de Libre Acceso a la I<\/b><span style=\"font-size: 16px\"><b>nformaci\u00f3n<\/b><\/span><\/span><\/p>\n<p><b>Luis\u00a0Jacques<\/b><br \/>Responsable de Acceso a la Informaci\u00f3n Municipal (RAIM)<\/p>\n<p><strong>Tel\u00e9fono:<\/strong> 809-631-3502<br \/><strong>Correo electr\u00f3nico:<\/strong> info@ayuntamientodesantalucia.gob.do<\/p>\n<p>Web:\u00a0<span style=\"color: #000080\"><a style=\"color: #000080\" href=\"https:\/\/ayuntamientodesantalucia.gob.do\/\">Junta del Distrito Municipal Santa Lucia<\/a><\/span><\/p>\n<p>Instagram:\u00a0<span style=\"color: #000080\"><a style=\"color: #000080\" href=\"https:\/\/www.instagram.com\/junta_distrital_santa_lucia\/\">Junta del Distrito Municipal Santa Lucia<\/a><\/span><\/p>\n<p>\u00a0<\/p>\n\n\n<figure class=\"wp-block-image size-large is-resized is-style-default\"><img decoding=\"async\" loading=\"lazy\" src=\"https:\/\/ayuntamientodesantalucia.gob.do\/transparencia\/wp-content\/uploads\/2023\/02\/WhatsApp-Image-2023-02-28-at-09.36.44-700x930.jpeg\" alt=\"\" class=\"wp-image-557\" width=\"182\" height=\"242\" srcset=\"https:\/\/ayuntamientodesantalucia.gob.do\/transparencia\/wp-content\/uploads\/2023\/02\/WhatsApp-Image-2023-02-28-at-09.36.44-700x930.jpeg 700w, https:\/\/ayuntamientodesantalucia.gob.do\/transparencia\/wp-content\/uploads\/2023\/02\/WhatsApp-Image-2023-02-28-at-09.36.44-250x332.jpeg 250w, https:\/\/ayuntamientodesantalucia.gob.do\/transparencia\/wp-content\/uploads\/2023\/02\/WhatsApp-Image-2023-02-28-at-09.36.44-768x1021.jpeg 768w, https:\/\/ayuntamientodesantalucia.gob.do\/transparencia\/wp-content\/uploads\/2023\/02\/WhatsApp-Image-2023-02-28-at-09.36.44-120x160.jpeg 120w, https:\/\/ayuntamientodesantalucia.gob.do\/transparencia\/wp-content\/uploads\/2023\/02\/WhatsApp-Image-2023-02-28-at-09.36.44.jpeg 963w\" sizes=\"(max-width: 182px) 100vw, 182px\" \/><\/figure>\n\n\n\n<figure class=\"wp-block-image size-large is-resized\"><img decoding=\"async\" loading=\"lazy\" src=\"https:\/\/ayuntamientodesantalucia.gob.do\/transparencia\/wp-content\/uploads\/2023\/02\/WhatsApp-Image-2023-02-28-at-09.36.45-1-700x527.jpeg\" alt=\"\" class=\"wp-image-558\" width=\"215\" height=\"162\" srcset=\"https:\/\/ayuntamientodesantalucia.gob.do\/transparencia\/wp-content\/uploads\/2023\/02\/WhatsApp-Image-2023-02-28-at-09.36.45-1-700x527.jpeg 700w, https:\/\/ayuntamientodesantalucia.gob.do\/transparencia\/wp-content\/uploads\/2023\/02\/WhatsApp-Image-2023-02-28-at-09.36.45-1-250x188.jpeg 250w, https:\/\/ayuntamientodesantalucia.gob.do\/transparencia\/wp-content\/uploads\/2023\/02\/WhatsApp-Image-2023-02-28-at-09.36.45-1-768x578.jpeg 768w, https:\/\/ayuntamientodesantalucia.gob.do\/transparencia\/wp-content\/uploads\/2023\/02\/WhatsApp-Image-2023-02-28-at-09.36.45-1-120x90.jpeg 120w, https:\/\/ayuntamientodesantalucia.gob.do\/transparencia\/wp-content\/uploads\/2023\/02\/WhatsApp-Image-2023-02-28-at-09.36.45-1.jpeg 1280w\" sizes=\"(max-width: 215px) 100vw, 215px\" \/><\/figure>\n\n\n\n<figure class=\"wp-block-image size-large is-resized\"><img decoding=\"async\" loading=\"lazy\" src=\"https:\/\/ayuntamientodesantalucia.gob.do\/transparencia\/wp-content\/uploads\/2023\/02\/WhatsApp-Image-2023-02-28-at-09.36.46-700x527.jpeg\" alt=\"\" class=\"wp-image-560\" width=\"191\" height=\"144\" srcset=\"https:\/\/ayuntamientodesantalucia.gob.do\/transparencia\/wp-content\/uploads\/2023\/02\/WhatsApp-Image-2023-02-28-at-09.36.46-700x527.jpeg 700w, https:\/\/ayuntamientodesantalucia.gob.do\/transparencia\/wp-content\/uploads\/2023\/02\/WhatsApp-Image-2023-02-28-at-09.36.46-250x188.jpeg 250w, https:\/\/ayuntamientodesantalucia.gob.do\/transparencia\/wp-content\/uploads\/2023\/02\/WhatsApp-Image-2023-02-28-at-09.36.46-768x578.jpeg 768w, https:\/\/ayuntamientodesantalucia.gob.do\/transparencia\/wp-content\/uploads\/2023\/02\/WhatsApp-Image-2023-02-28-at-09.36.46-120x90.jpeg 120w, https:\/\/ayuntamientodesantalucia.gob.do\/transparencia\/wp-content\/uploads\/2023\/02\/WhatsApp-Image-2023-02-28-at-09.36.46.jpeg 1280w\" sizes=\"(max-width: 191px) 100vw, 191px\" \/><\/figure>\n","protected":false},"excerpt":{"rendered":"\u00a0 Contacto Responsable de Libre Acceso a la Informaci\u00f3n Luis\u00a0JacquesResponsable de Acceso a la Informaci\u00f3n Municipal (RAIM) Tel\u00e9fono: 809-631-3502Correo electr\u00f3nico: info@ayuntamientodesantalucia.gob.do Web:\u00a0Junta del Distrito Municipal Santa Lucia Instagram:\u00a0Junta del Distrito Municipal Santa Lucia \u00a0","protected":false},"author":1,"featured_media":0,"parent":0,"menu_order":0,"comment_status":"closed","ping_status":"closed","template":"","meta":[],"_links":{"self":[{"href":"https:\/\/ayuntamientodesantalucia.gob.do\/transparencia\/wp-json\/wp\/v2\/pages\/258"}],"collection":[{"href":"https:\/\/ayuntamientodesantalucia.gob.do\/transparencia\/wp-json\/wp\/v2\/pages"}],"about":[{"href":"https:\/\/ayuntamientodesantalucia.gob.do\/transparencia\/wp-json\/wp\/v2\/types\/page"}],"author":[{"embeddable":true,"href":"https:\/\/ayuntamientodesantalucia.gob.do\/transparencia\/wp-json\/wp\/v2\/users\/1"}],"replies":[{"embeddable":true,"href":"https:\/\/ayuntamientodesantalucia.gob.do\/transparencia\/wp-json\/wp\/v2\/comments?post=258"}],"version-history":[{"count":5,"href":"https:\/\/ayuntamientodesantalucia.gob.do\/transparencia\/wp-json\/wp\/v2\/pages\/258\/revisions"}],"predecessor-version":[{"id":565,"href":"https:\/\/ayuntamientodesantalucia.gob.do\/transparencia\/wp-json\/wp\/v2\/pages\/258\/revisions\/565"}],"wp:attachment":[{"href":"https:\/\/ayuntamientodesantalucia.gob.do\/transparencia\/wp-json\/wp\/v2\/media?parent=258"}],"curies":[{"name":"wp","href":"https:\/\/api.w.org\/{rel}","templated":true}]}}